
 
{"id":5,"date":"2016-12-05T15:45:24","date_gmt":"2016-12-05T14:45:24","guid":{"rendered":"http:\/\/localhost\/wordpress\/?page_id=5"},"modified":"2025-02-21T11:50:42","modified_gmt":"2025-02-21T10:50:42","slug":"home","status":"publish","type":"page","link":"https:\/\/www.hindernisbau-ophey.de\/","title":{"rendered":"Home"},"content":{"rendered":"\n<p><br><\/p>\n\n\n\n<p><\/p>\n\n\n\n<p><\/p>\n\n\n\n<p><br><\/p>\n\n\n\n<p class=\"has-background\" style=\"background:linear-gradient(135deg,rgb(238,238,238) 100%,rgb(169,184,195) 100%)\"><strong>Neu bei uns! \ud83c\udf89<\/strong> Planen Sie ein gro\u00dfes Turnier mit Ihrem Reitverein, aber sind unsicher, ob Ihr Hindernismaterial ausreicht?<br><br>Kein Problem \u2013 wir haben die L\u00f6sung! Mieten Sie unseren Parcours f\u00fcr Ihre Turniertage. Schauen Sie sich die Fotos an und entdecken Sie, welche Hindernisse und Extras Sie bei uns leihen k\u00f6nnen. <a href=\"https:\/\/www.hindernisbau-ophey.de\/?page_id=852\" data-type=\"page\" data-id=\"852\">\u27a1\ufe0f <strong>Jetzt entdecken!<\/strong><\/a><\/p>\n\n\n<h1>\u00a0<\/h1>\n<h1>Herzlich Willkommen!<br \/><br \/><\/h1>\n<p>Lieber Pferdefreund, gesch\u00e4tzter Kunde,<br \/><br \/><\/p>\n<p data-start=\"123\" data-end=\"345\">seit 2006 steht <strong data-start=\"139\" data-end=\"160\">Hindernisbau Ophey<\/strong>\u00a0f\u00fcr hochwertige Reitsporthindernisse und Parcours-Zubeh\u00f6r! Mit \u00fcber <strong data-start=\"229\" data-end=\"243\">210 Farben<\/strong> \u2013 von edlem Matt bis gl\u00e4nzendem Hochglanzlack \u2013 gestalten wir Hindernisse ganz nach Ihren W\u00fcnschen.<\/p>\n<p data-start=\"347\" data-end=\"556\">Lassen Sie sich von unserem Katalog inspirieren und w\u00e4hlen Sie Ihre Farben und Muster aus \u2013 oder teilen Sie uns Ihre individuellen Vorstellungen mit! Wir fertigen Hindernismaterial exakt nach Ihren Vorgaben.<\/p>\n<p data-start=\"558\" data-end=\"865\">Unsere abgetrockneten Holzteile werden vor jeder Lackierung sorgf\u00e4ltig gereinigt und grundiert, um h\u00f6chste Qualit\u00e4t und Langlebigkeit zu garantieren. Durch unsere durchdachte Bauweise sind unsere Hindernisse besonders leicht in der Handhabung. Neben kompletten Hindernissen bieten wir auch s\u00e4mtliche Elemente einzeln an.<\/p>\n<p data-start=\"867\" data-end=\"1014\">Haben Sie Fragen oder spezielle W\u00fcnsche? <strong data-start=\"908\" data-end=\"934\">Wir beraten Sie gerne!<\/strong> Rufen Sie uns an oder schreiben Sie uns eine E-Mail \u2013 wir freuen uns auf Sie!<br \/><br \/><\/p>\n<p data-start=\"867\" data-end=\"1014\">Hindernisbau Ophey<\/p>\n<p>Frank Ophey<\/p>\n\n\n<h2 class=\"wp-block-heading\"><\/h2>\n","protected":false},"excerpt":{"rendered":"<p>Neu bei uns! \ud83c\udf89 Planen Sie ein gro\u00dfes Turnier mit Ihrem Reitverein, aber sind unsicher, ob Ihr Hindernismaterial ausreicht? Kein Problem \u2013 wir haben die L\u00f6sung! Mieten Sie unseren Parcours f\u00fcr Ihre Turniertage. Schauen Sie sich die Fotos an und entdecken Sie, welche Hindernisse und Extras Sie bei uns leihen k\u00f6nnen. \u27a1\ufe0f Jetzt entdecken! \u00a0 [&hellip;]<\/p>\n","protected":false},"author":1,"featured_media":0,"parent":0,"menu_order":0,"comment_status":"closed","ping_status":"closed","template":"","meta":{"footnotes":""},"class_list":["post-5","page","type-page","status-publish","hentry"],"_links":{"self":[{"href":"https:\/\/www.hindernisbau-ophey.de\/index.php?rest_route=\/wp\/v2\/pages\/5","targetHints":{"allow":["GET"]}}],"collection":[{"href":"https:\/\/www.hindernisbau-ophey.de\/index.php?rest_route=\/wp\/v2\/pages"}],"about":[{"href":"https:\/\/www.hindernisbau-ophey.de\/index.php?rest_route=\/wp\/v2\/types\/page"}],"author":[{"embeddable":true,"href":"https:\/\/www.hindernisbau-ophey.de\/index.php?rest_route=\/wp\/v2\/users\/1"}],"replies":[{"embeddable":true,"href":"https:\/\/www.hindernisbau-ophey.de\/index.php?rest_route=%2Fwp%2Fv2%2Fcomments&post=5"}],"version-history":[{"count":64,"href":"https:\/\/www.hindernisbau-ophey.de\/index.php?rest_route=\/wp\/v2\/pages\/5\/revisions"}],"predecessor-version":[{"id":916,"href":"https:\/\/www.hindernisbau-ophey.de\/index.php?rest_route=\/wp\/v2\/pages\/5\/revisions\/916"}],"wp:attachment":[{"href":"https:\/\/www.hindernisbau-ophey.de\/index.php?rest_route=%2Fwp%2Fv2%2Fmedia&parent=5"}],"curies":[{"name":"wp","href":"https:\/\/api.w.org\/{rel}","templated":true}]}}