
 
{"id":21,"date":"2017-01-10T09:37:41","date_gmt":"2017-01-10T08:37:41","guid":{"rendered":"http:\/\/localhost\/wordpress\/?page_id=21"},"modified":"2019-08-19T15:26:48","modified_gmt":"2019-08-19T13:26:48","slug":"impressum","status":"publish","type":"page","link":"https:\/\/www.hindernisbau-ophey.de\/?page_id=21","title":{"rendered":"Impressum"},"content":{"rendered":"<h1>Impressum<\/h1>\n<p><img loading=\"lazy\" decoding=\"async\" class=\"alignnone wp-image-411\" src=\"https:\/\/www.hindernisbau-ophey.de\/wp-content\/uploads\/2017\/01\/home.png\" alt=\"\" width=\"60\" height=\"46\" \/>Frank Ophey\u00a0 \/\u00a0 Am Pannofen 39, 47608 Geldern im Kreis Kleve<\/p>\n<p><img loading=\"lazy\" decoding=\"async\" class=\"alignnone size-full wp-image-413\" src=\"https:\/\/www.hindernisbau-ophey.de\/wp-content\/uploads\/2017\/01\/man.png\" alt=\"\" width=\"55\" height=\"53\" \/> Tel.: 0176 \/ 78 14 70 73 \/ ophey.frank@gmx.de<\/p>\n<p><img loading=\"lazy\" decoding=\"async\" class=\"alignnone size-full wp-image-410\" src=\"https:\/\/www.hindernisbau-ophey.de\/wp-content\/uploads\/2017\/01\/clock.png\" alt=\"\" width=\"49\" height=\"51\" \/> Termine und Besichtigung nach telefonischer Vereinbarung!<\/p>\n<p><img loading=\"lazy\" decoding=\"async\" class=\"alignnone size-full wp-image-412\" src=\"https:\/\/www.hindernisbau-ophey.de\/wp-content\/uploads\/2017\/01\/letter.png\" alt=\"\" width=\"56\" height=\"58\" \/> Steuer-Nr.: 113\/5125\/2030 \/ Finanzamt Geldern<\/p>\n<h3>Hindernisbau-Ophey<\/h3>\n<div id='impressum' class='widgets_on_page wop_tiny1  wop_small1  wop_medium1  wop_large1  wop_wide1'>\n\t\t\t<ul><!-- ERROR NO TURBO SIDEBAR FOUND WITH ID impressum--><\/ul><\/div><!-- widgets_on_page -->\n<h4 style=\"text-align: left;\">Inhalt des Online-Angebotes:<\/h4>\n<p>Wir \u00fcbernehmen keinerlei Gew\u00e4hr f\u00fcr die Aktualit\u00e4t, Korrektheit,<br \/>\nVollst\u00e4ndigkeit oder Qualit\u00e4t der bereitgestellten Informationen. Haftungsanspr\u00fcche gegen uns,<br \/>\nwelche sich auf Sch\u00e4den materieller oder ideeller Art beziehen, die durch die Nutzung oder Nichtnutzung<br \/>\nder dargebotenen Informationen bzw. durch die Nutzung fehlerhafter und unvollst\u00e4ndiger Informationen<br \/>\nverursacht wurden, sind grunds\u00e4tzlich ausgeschlossen, sofern von unserer Seite kein nachweislich<br \/>\nvors\u00e4tzliches oder grob fahrl\u00e4ssiges Verschulden vorliegt.<\/p>\n<h4>Abmahnungen:<\/h4>\n<p>Da sich in letzter Zeit die Abmahnungen durch Rechtsanw\u00e4lte im Internet h\u00e4ufen, sei hierzu folgendes<br \/>\ngesagt: Aus diesem Impressum gehen die Kontaktdaten eindeutig hervor. Wer also meint, das dieses Internetangebot gegen<br \/>\nirgendwelche Gesetze verst\u00f6\u00dft, kann sich gerne pers\u00f6nlich kostenfrei per Brief, Email, oder Telefon bei uns melden.<br \/>\nWir werden diese Einw\u00e4nde sofort auf ihre Richtigkeit pr\u00fcfen und ggf. die Inhalte der entsprechenden Seiten schnellstm\u00f6glich \u00e4ndern.<br \/>\nEs besteht somit absolut kein Grund f\u00fcr eine kostenpflichtige Abmahnung. Im Falle, das uns eine Abmahnung mit Kostennote zugestellt wird,<br \/>\nwerden wir \u00fcber unseren Rechtsschutz mit Verweis auf dieses Impressum Gegenklage erheben!<\/p>\n<h4>Urheberrecht:<\/h4>\n<p>Wir sind bestrebt, in allen ver\u00f6ffentlichten Grafiken und Texten die Urheberrechte zu waren<br \/>\nund nat\u00fcrlich auch zu beachten bzw. selbst erstellte Grafiken und Texte zu verwenden oder auf lizenz- und<br \/>\ncopyright freie Angebote zur\u00fcckzugreifen. Das Copyright f\u00fcr ver\u00f6ffentlichte, von uns selbst erstellte Objekte,<br \/>\nbleibt allein bei uns. Eine Verwendung oder Vervielf\u00e4ltigung dieser Grafiken, Texte oder auch Tondokumente bedarf der schriftlichen Zustimmung.<\/p>\n","protected":false},"excerpt":{"rendered":"<p>Impressum Frank Ophey\u00a0 \/\u00a0 Am Pannofen 39, 47608 Geldern im Kreis Kleve Tel.: 0176 \/ 78 14 70 73 \/ ophey.frank@gmx.de Termine und Besichtigung nach telefonischer Vereinbarung! Steuer-Nr.: 113\/5125\/2030 \/ Finanzamt Geldern Hindernisbau-Ophey Inhalt des Online-Angebotes: Wir \u00fcbernehmen keinerlei Gew\u00e4hr f\u00fcr die Aktualit\u00e4t, Korrektheit, Vollst\u00e4ndigkeit oder Qualit\u00e4t der bereitgestellten Informationen. Haftungsanspr\u00fcche gegen uns, welche sich [&hellip;]<\/p>\n","protected":false},"author":1,"featured_media":482,"parent":0,"menu_order":0,"comment_status":"closed","ping_status":"closed","template":"","meta":{"footnotes":""},"class_list":["post-21","page","type-page","status-publish","has-post-thumbnail","hentry"],"_links":{"self":[{"href":"https:\/\/www.hindernisbau-ophey.de\/index.php?rest_route=\/wp\/v2\/pages\/21","targetHints":{"allow":["GET"]}}],"collection":[{"href":"https:\/\/www.hindernisbau-ophey.de\/index.php?rest_route=\/wp\/v2\/pages"}],"about":[{"href":"https:\/\/www.hindernisbau-ophey.de\/index.php?rest_route=\/wp\/v2\/types\/page"}],"author":[{"embeddable":true,"href":"https:\/\/www.hindernisbau-ophey.de\/index.php?rest_route=\/wp\/v2\/users\/1"}],"replies":[{"embeddable":true,"href":"https:\/\/www.hindernisbau-ophey.de\/index.php?rest_route=%2Fwp%2Fv2%2Fcomments&post=21"}],"version-history":[{"count":90,"href":"https:\/\/www.hindernisbau-ophey.de\/index.php?rest_route=\/wp\/v2\/pages\/21\/revisions"}],"predecessor-version":[{"id":835,"href":"https:\/\/www.hindernisbau-ophey.de\/index.php?rest_route=\/wp\/v2\/pages\/21\/revisions\/835"}],"wp:featuredmedia":[{"embeddable":true,"href":"https:\/\/www.hindernisbau-ophey.de\/index.php?rest_route=\/wp\/v2\/media\/482"}],"wp:attachment":[{"href":"https:\/\/www.hindernisbau-ophey.de\/index.php?rest_route=%2Fwp%2Fv2%2Fmedia&parent=21"}],"curies":[{"name":"wp","href":"https:\/\/api.w.org\/{rel}","templated":true}]}}